{"id":3081,"date":"2023-04-11T16:06:06","date_gmt":"2023-04-11T16:06:06","guid":{"rendered":"https:\/\/grupoaduan.com\/?page_id=3081"},"modified":"2023-04-11T16:44:13","modified_gmt":"2023-04-11T16:44:13","slug":"blog","status":"publish","type":"page","link":"https:\/\/grupoaduan.com\/en\/blog\/","title":{"rendered":"Blog"},"content":{"rendered":"<style>.elementor-3081 .elementor-element.elementor-element-6214653 > .elementor-container{max-width:1200px;}.elementor-3081 .elementor-element.elementor-element-6214653:not(.elementor-motion-effects-element-type-background), .elementor-3081 .elementor-element.elementor-element-6214653 > .elementor-motion-effects-container > .elementor-motion-effects-layer{background-image:url(\"https:\/\/grupoaduan.com\/wp-content\/uploads\/2022\/01\/sea-port-from-a-bird-s-eye-view-odessa-ukraine.jpg\");background-position:center center;background-repeat:no-repeat;background-size:cover;}.elementor-3081 .elementor-element.elementor-element-6214653 > .elementor-background-overlay{background-color:#000000;opacity:0.5;transition:background 0.3s, border-radius 0.3s, opacity 0.3s;}.elementor-3081 .elementor-element.elementor-element-6214653{transition:background 0.3s, border 0.3s, border-radius 0.3s, box-shadow 0.3s;padding:150px 0px 150px 0px;}.elementor-3081 .elementor-element.elementor-element-468ca4c.elementor-column > .elementor-widget-wrap{justify-content:center;}.elementor-3081 .elementor-element.elementor-element-adbafd1{text-align:center;}.elementor-3081 .elementor-element.elementor-element-adbafd1 .elementor-heading-title{font-family:\"Cabin\", Sans-serif;font-size:80px;font-weight:900;text-transform:capitalize;line-height:1.2em;color:#FFFFFF;}.elementor-3081 .elementor-element.elementor-element-adbafd1 > .elementor-widget-container{margin:90px 0px 0px 0px;}.elementor-3081 .elementor-element.elementor-element-ddedda6 .ekit-btn-wraper .elementskit-btn{justify-content:center;}.elementor-3081 .elementor-element.elementor-element-ddedda6 .elementskit-btn{padding:0px 0px 0px 0px;font-family:\"Cabin\", Sans-serif;font-size:18px;background-color:#FFFFFF00;border-style:none;}.elementor-3081 .elementor-element.elementor-element-ddedda6 .elementskit-btn:hover{color:#DE3232;fill:#DE3232;}.elementor-3081 .elementor-element.elementor-element-ddedda6 .elementskit-btn > :is(i, svg){font-size:15px;}.elementor-3081 .elementor-element.elementor-element-ddedda6 .elementskit-btn > i, .elementor-3081 .elementor-element.elementor-element-ddedda6 .elementskit-btn > svg{margin-left:10px;}.rtl .elementor-3081 .elementor-element.elementor-element-ddedda6 .elementskit-btn > i, .rtl .elementor-3081 .elementor-element.elementor-element-ddedda6 .elementskit-btn > svg{margin-left:0;margin-right:10px;}.elementor-3081 .elementor-element.elementor-element-ddedda6 .elementskit-btn i, .elementor-3081 .elementor-element.elementor-element-ddedda6 .elementskit-btn svg{-webkit-transform:translateY(0px);-ms-transform:translateY(0px);transform:translateY(0px);}.elementor-3081 .elementor-element.elementor-element-ddedda6{width:auto;max-width:auto;}.elementor-3081 .elementor-element.elementor-element-5d7ae45 .elementor-heading-title{font-family:\"Cabin\", Sans-serif;font-size:18px;font-weight:400;color:#FFFFFF;}.elementor-3081 .elementor-element.elementor-element-5d7ae45 > .elementor-widget-container{margin:6px 0px 0px 12px;}.elementor-3081 .elementor-element.elementor-element-5d7ae45{width:auto;max-width:auto;}.elementor-3081 .elementor-element.elementor-element-24de118 .elementor-posts-container .elementor-post__thumbnail{padding-bottom:calc( 0.66 * 100% );}.elementor-3081 .elementor-element.elementor-element-24de118:after{content:\"0.66\";}.elementor-3081 .elementor-element.elementor-element-24de118 .elementor-post__meta-data span + span:before{content:\"\u2022\";}.elementor-3081 .elementor-element.elementor-element-24de118{--grid-column-gap:30px;--grid-row-gap:35px;}.elementor-3081 .elementor-element.elementor-element-24de118 .elementor-post__text{margin-top:20px;}.elementor-3081 .elementor-element.elementor-element-24de118 .elementor-post__title, .elementor-3081 .elementor-element.elementor-element-24de118 .elementor-post__title a{color:#0A4669;}.elementor-3081 .elementor-element.elementor-element-24de118 .elementor-post__read-more{color:#000000;}@media(max-width:1024px){.elementor-3081 .elementor-element.elementor-element-adbafd1 .elementor-heading-title{font-size:60px;}.elementor-3081 .elementor-element.elementor-element-ddedda6 .elementskit-btn{font-size:17px;}.elementor-3081 .elementor-element.elementor-element-5d7ae45 .elementor-heading-title{font-size:17px;}}@media(max-width:767px){.elementor-3081 .elementor-element.elementor-element-6214653{padding:227px 0px 150px 0px;}.elementor-3081 .elementor-element.elementor-element-adbafd1 .elementor-heading-title{font-size:37px;}.elementor-3081 .elementor-element.elementor-element-ddedda6 .elementskit-btn{font-size:16px;}.elementor-3081 .elementor-element.elementor-element-5d7ae45 .elementor-heading-title{font-size:16px;}.elementor-3081 .elementor-element.elementor-element-24de118 .elementor-posts-container .elementor-post__thumbnail{padding-bottom:calc( 0.5 * 100% );}.elementor-3081 .elementor-element.elementor-element-24de118:after{content:\"0.5\";}}<\/style>\t\t<div data-elementor-type=\"wp-page\" data-elementor-id=\"3081\" class=\"elementor elementor-3081\" data-elementor-post-type=\"page\">\n\t\t\t\t\t\t<section class=\"elementor-section elementor-top-section elementor-element elementor-element-6214653 elementor-section-boxed elementor-section-height-default elementor-section-height-default e-parent\" data-id=\"6214653\" data-element_type=\"section\" data-e-type=\"section\" data-settings=\"{&quot;background_background&quot;:&quot;classic&quot;}\">\n\t\t\t\t\t\t\t<div class=\"elementor-background-overlay\"><\/div>\n\t\t\t\t\t\t\t<div class=\"elementor-container elementor-column-gap-default\">\n\t\t\t\t\t<div class=\"elementor-column elementor-col-100 elementor-top-column elementor-element elementor-element-468ca4c lakit-col-width-auto-no\" data-id=\"468ca4c\" data-element_type=\"column\" data-e-type=\"column\">\n\t\t\t<div class=\"elementor-widget-wrap elementor-element-populated\">\n\t\t\t\t\t\t<div class=\"elementor-element elementor-element-adbafd1 elementor-widget elementor-widget-heading\" data-id=\"adbafd1\" data-element_type=\"widget\" data-e-type=\"widget\" data-widget_type=\"heading.default\">\n\t\t\t\t<div class=\"elementor-widget-container\">\n\t\t\t\t\t<h2 class=\"elementor-heading-title elementor-size-default\">Noticias Aduaneras<\/h2>\t\t\t\t<\/div>\n\t\t\t\t<\/div>\n\t\t\t\t<div class=\"elementor-element elementor-element-ddedda6 elementor-widget__width-auto elementor-align-center elementor-widget elementor-widget-elementskit-button\" data-id=\"ddedda6\" data-element_type=\"widget\" data-e-type=\"widget\" data-widget_type=\"elementskit-button.default\">\n\t\t\t\t<div class=\"elementor-widget-container\">\n\t\t\t\t\t<div class=\"ekit-wid-con\" >\t\t<div class=\"ekit-btn-wraper\">\n\t\t\t\t\t\t\t<a href=\"https:\/\/grupoaduan.com\/en\/\" class=\"elementskit-btn  whitespace--normal\" id=\"\">\n\t\t\t\t\tinicio<i class=\"fas fa-chevron-right\"><\/i>\t\t\t\t<\/a>\n\t\t\t\t\t<\/div>\n        <\/div>\t\t\t\t<\/div>\n\t\t\t\t<\/div>\n\t\t\t\t<div class=\"elementor-element elementor-element-5d7ae45 elementor-widget__width-auto elementor-widget elementor-widget-heading\" data-id=\"5d7ae45\" data-element_type=\"widget\" data-e-type=\"widget\" data-widget_type=\"heading.default\">\n\t\t\t\t<div class=\"elementor-widget-container\">\n\t\t\t\t\t<div class=\"elementor-heading-title elementor-size-default\">Us<\/div>\t\t\t\t<\/div>\n\t\t\t\t<\/div>\n\t\t\t\t\t<\/div>\n\t\t<\/div>\n\t\t\t\t\t<\/div>\n\t\t<\/section>\n\t\t\t\t<section class=\"elementor-section elementor-top-section elementor-element elementor-element-6050197 elementor-section-boxed elementor-section-height-default elementor-section-height-default e-parent\" data-id=\"6050197\" data-element_type=\"section\" data-e-type=\"section\">\n\t\t\t\t\t\t<div class=\"elementor-container elementor-column-gap-default\">\n\t\t\t\t\t<div class=\"elementor-column elementor-col-100 elementor-top-column elementor-element elementor-element-6bbaa27 lakit-col-width-auto-no\" data-id=\"6bbaa27\" data-element_type=\"column\" data-e-type=\"column\">\n\t\t\t<div class=\"elementor-widget-wrap elementor-element-populated\">\n\t\t\t\t\t\t<div class=\"elementor-element elementor-element-24de118 elementor-grid-3 elementor-grid-tablet-2 elementor-grid-mobile-1 elementor-posts--thumbnail-top elementor-card-shadow-yes elementor-posts__hover-gradient elementor-widget elementor-widget-posts\" data-id=\"24de118\" data-element_type=\"widget\" data-e-type=\"widget\" data-settings=\"{&quot;cards_columns&quot;:&quot;3&quot;,&quot;cards_columns_tablet&quot;:&quot;2&quot;,&quot;cards_columns_mobile&quot;:&quot;1&quot;,&quot;cards_row_gap&quot;:{&quot;unit&quot;:&quot;px&quot;,&quot;size&quot;:35,&quot;sizes&quot;:[]},&quot;cards_row_gap_tablet&quot;:{&quot;unit&quot;:&quot;px&quot;,&quot;size&quot;:&quot;&quot;,&quot;sizes&quot;:[]},&quot;cards_row_gap_mobile&quot;:{&quot;unit&quot;:&quot;px&quot;,&quot;size&quot;:&quot;&quot;,&quot;sizes&quot;:[]}}\" data-widget_type=\"posts.cards\">\n\t\t\t\t<div class=\"elementor-widget-container\">\n\t\t\t\t\t\t\t<div class=\"elementor-posts-container elementor-posts elementor-posts--skin-cards elementor-grid\" role=\"list\">\n\t\t\t\t<article class=\"elementor-post elementor-grid-item post-3091 post type-post status-publish format-standard has-post-thumbnail hentry category-uncategorized\" role=\"listitem\">\n\t\t\t<div class=\"elementor-post__card\">\n\t\t\t\t<a class=\"elementor-post__thumbnail__link\" href=\"https:\/\/grupoaduan.com\/en\/gobierno-japones-autoriza-la-importacion-de-uvas-peruanas\/\" tabindex=\"-1\" ><div class=\"elementor-post__thumbnail\"><img fetchpriority=\"high\" decoding=\"async\" width=\"300\" height=\"185\" src=\"https:\/\/grupoaduan.com\/wp-content\/uploads\/2023\/04\/WhatsApp-Image-2023-04-11-at-11.37.37-300x185.jpeg\" class=\"attachment-medium size-medium wp-image-3092\" alt=\"\" srcset=\"https:\/\/grupoaduan.com\/wp-content\/uploads\/2023\/04\/WhatsApp-Image-2023-04-11-at-11.37.37-300x185.jpeg 300w, https:\/\/grupoaduan.com\/wp-content\/uploads\/2023\/04\/WhatsApp-Image-2023-04-11-at-11.37.37-18x12.jpeg 18w, https:\/\/grupoaduan.com\/wp-content\/uploads\/2023\/04\/WhatsApp-Image-2023-04-11-at-11.37.37.jpeg 485w\" sizes=\"(max-width: 300px) 100vw, 300px\" \/><\/div><\/a>\n\t\t\t\t<div class=\"elementor-post__text\">\n\t\t\t\t<h3 class=\"elementor-post__title\">\n\t\t\t<a href=\"https:\/\/grupoaduan.com\/en\/gobierno-japones-autoriza-la-importacion-de-uvas-peruanas\/\" >\n\t\t\t\tGobierno japon\u00e9s autoriza la importaci\u00f3n de uvas peruanas\t\t\t<\/a>\n\t\t<\/h3>\n\t\t\t\t<div class=\"elementor-post__excerpt\">\n\t\t\t<p>En una decisi\u00f3n conjunta entre el Ministerio de Comercio Exterior y Turismo &#8211; MINCETUR (a trav\u00e9s de Promper\u00fa), el Ministerio de Desarrollo Agrario y Riego<\/p>\n\t\t<\/div>\n\t\t\n\t\t<a class=\"elementor-post__read-more\" href=\"https:\/\/grupoaduan.com\/en\/gobierno-japones-autoriza-la-importacion-de-uvas-peruanas\/\" aria-label=\"Read more about Gobierno japon\u00e9s autoriza la importaci\u00f3n de uvas peruanas\" tabindex=\"-1\" >\n\t\t\tLeer m\u00e1s \u00bb\t\t<\/a>\n\n\t\t\t\t<\/div>\n\t\t\t\t<div class=\"elementor-post__meta-data\">\n\t\t\t\t\t<span class=\"elementor-post-date\">\n\t\t\tApril 11, 2023\t\t<\/span>\n\t\t\t\t<span class=\"elementor-post-avatar\">\n\t\t\tNo Comments\t\t<\/span>\n\t\t\t\t<\/div>\n\t\t\t\t\t<\/div>\n\t\t<\/article>\n\t\t\t\t<\/div>\n\t\t\n\t\t\t\t\t\t<\/div>\n\t\t\t\t<\/div>\n\t\t\t\t\t<\/div>\n\t\t<\/div>\n\t\t\t\t\t<\/div>\n\t\t<\/section>\n\t\t\t\t<\/div>","protected":false},"excerpt":{"rendered":"<p>Noticias Aduaneras inicio Nosotros<\/p>","protected":false},"author":1,"featured_media":0,"parent":0,"menu_order":0,"comment_status":"closed","ping_status":"closed","template":"","meta":{"site-sidebar-layout":"no-sidebar","site-content-layout":"page-builder","ast-site-content-layout":"default","site-content-style":"default","site-sidebar-style":"default","ast-global-header-display":"","ast-banner-title-visibility":"","ast-main-header-display":"","ast-hfb-above-header-display":"","ast-hfb-below-header-display":"","ast-hfb-mobile-header-display":"","site-post-title":"disabled","ast-breadcrumbs-content":"","ast-featured-img":"disabled","footer-sml-layout":"","ast-disable-related-posts":"","theme-transparent-header-meta":"","adv-header-id-meta":"","stick-header-meta":"","header-above-stick-meta":"","header-main-stick-meta":"","header-below-stick-meta":"","astra-migrate-meta-layouts":"default","ast-page-background-enabled":"default","ast-page-background-meta":{"desktop":{"background-color":"var(--ast-global-color-4)","background-image":"","background-repeat":"repeat","background-position":"center center","background-size":"auto","background-attachment":"scroll","background-type":"","background-media":"","overlay-type":"","overlay-color":"","overlay-opacity":"","overlay-gradient":""},"tablet":{"background-color":"","background-image":"","background-repeat":"repeat","background-position":"center center","background-size":"auto","background-attachment":"scroll","background-type":"","background-media":"","overlay-type":"","overlay-color":"","overlay-opacity":"","overlay-gradient":""},"mobile":{"background-color":"","background-image":"","background-repeat":"repeat","background-position":"center center","background-size":"auto","background-attachment":"scroll","background-type":"","background-media":"","overlay-type":"","overlay-color":"","overlay-opacity":"","overlay-gradient":""}},"ast-content-background-meta":{"desktop":{"background-color":"var(--ast-global-color-5)","background-image":"","background-repeat":"repeat","background-position":"center center","background-size":"auto","background-attachment":"scroll","background-type":"","background-media":"","overlay-type":"","overlay-color":"","overlay-opacity":"","overlay-gradient":""},"tablet":{"background-color":"var(--ast-global-color-5)","background-image":"","background-repeat":"repeat","background-position":"center center","background-size":"auto","background-attachment":"scroll","background-type":"","background-media":"","overlay-type":"","overlay-color":"","overlay-opacity":"","overlay-gradient":""},"mobile":{"background-color":"var(--ast-global-color-5)","background-image":"","background-repeat":"repeat","background-position":"center center","background-size":"auto","background-attachment":"scroll","background-type":"","background-media":"","overlay-type":"","overlay-color":"","overlay-opacity":"","overlay-gradient":""}},"_joinchat":[],"footnotes":""},"class_list":["post-3081","page","type-page","status-publish","hentry"],"_links":{"self":[{"href":"https:\/\/grupoaduan.com\/en\/wp-json\/wp\/v2\/pages\/3081","targetHints":{"allow":["GET"]}}],"collection":[{"href":"https:\/\/grupoaduan.com\/en\/wp-json\/wp\/v2\/pages"}],"about":[{"href":"https:\/\/grupoaduan.com\/en\/wp-json\/wp\/v2\/types\/page"}],"author":[{"embeddable":true,"href":"https:\/\/grupoaduan.com\/en\/wp-json\/wp\/v2\/users\/1"}],"replies":[{"embeddable":true,"href":"https:\/\/grupoaduan.com\/en\/wp-json\/wp\/v2\/comments?post=3081"}],"version-history":[{"count":6,"href":"https:\/\/grupoaduan.com\/en\/wp-json\/wp\/v2\/pages\/3081\/revisions"}],"predecessor-version":[{"id":3178,"href":"https:\/\/grupoaduan.com\/en\/wp-json\/wp\/v2\/pages\/3081\/revisions\/3178"}],"wp:attachment":[{"href":"https:\/\/grupoaduan.com\/en\/wp-json\/wp\/v2\/media?parent=3081"}],"curies":[{"name":"wp","href":"https:\/\/api.w.org\/{rel}","templated":true}]}}